{"id":21049,"date":"2024-04-22T12:32:04","date_gmt":"2024-04-22T12:32:04","guid":{"rendered":"https:\/\/aimdoll.com\/product\/best-asian-a-cup-lifelike-teen-sex-doll\/"},"modified":"2024-05-14T08:07:27","modified_gmt":"2024-05-14T08:07:27","slug":"best-asian-a-cup-lifelike-teen-sex-doll","status":"publish","type":"product","link":"https:\/\/coredoll.com\/pt\/product\/melhor-boneca-sexual-adolescente-asiatica\/","title":{"rendered":"Melhor boneca sexual adolescente asi\u00e1tica e realista"},"content":{"rendered":"<p>Uma mini boneca sexual A cup pode ser combinada com um biqu\u00edni sexy para mostrar os seios. Voc\u00ea pode se juntar \u00e0 tribo de bonecas do amor de crian\u00e7as zumbis poliamorosas online para obter informa\u00e7\u00f5es sobre sexo de pequenas garotas aconed. Se voc\u00ea precisa saber como usar uma boneca sexual de 120 cm, o v\u00eddeo de sexo com boneca adolescente asi\u00e1tica pode oferecer informa\u00e7\u00f5es.<\/p>\n<p>&nbsp;<\/p>\n<p>A pequena boneca do amor realista \u00e9 o tutorial perfeito para iniciantes. Voc\u00ea pode ir aos poucos, imitando enquanto fode a pequena boneca do amor realista. A verdadeira boneca sexual 100cm traz uma intensa atmosfera de sexo. A mini boneca sexual de peito achatado permite sexo agressivo para aliviar a tens\u00e3o sexual.<\/p>\n<p>&nbsp;<\/p>\n<p>O tamanho da mini boneca sexual: 9,5 (altura) \u00d7 6,5 (l) \u00d7 3 (d) \u00e9 uma boneca sexual gostosa. O v\u00eddeo de sexo de bonecas adolescentes asi\u00e1ticas tem posi\u00e7\u00f5es intensas de bonecas sexuais que voc\u00ea pode experimentar. O incr\u00edvel \u00e9 que todos os tamanhos realistas de bonecas sexuais podem ser colocados em suas posi\u00e7\u00f5es favoritas.<\/p>\n<p>&nbsp;<\/p>\n<p>&nbsp;<\/p>\n\t\t<div data-elementor-type=\"section\" data-elementor-id=\"15956\" class=\"elementor elementor-15956\" data-elementor-post-type=\"elementor_library\">\n\t\t\t<div class=\"wd-negative-gap elementor-element elementor-element-e744d45 e-flex e-con-boxed e-con e-parent\" data-id=\"e744d45\" data-element_type=\"container\">\n\t\t\t\t\t<div class=\"e-con-inner\">\n\t\t<div class=\"wd-negative-gap elementor-element elementor-element-2abc4734 e-flex e-con-boxed e-con e-child\" data-id=\"2abc4734\" data-element_type=\"container\">\n\t\t\t\t\t<div class=\"e-con-inner\">\n\t\t<div class=\"wd-negative-gap elementor-element elementor-element-e4e90d0 e-flex e-con-boxed e-con e-child\" data-id=\"e4e90d0\" data-element_type=\"container\">\n\t\t\t\t\t<div class=\"e-con-inner\">\n\t\t\t\t<div class=\"elementor-element elementor-element-2191b1a4 elementor-cta--skin-cover elementor-animated-content elementor-bg-transform elementor-bg-transform-zoom-in elementor-widget elementor-widget-call-to-action\" data-id=\"2191b1a4\" data-element_type=\"widget\" data-widget_type=\"call-to-action.default\">\n\t\t\t\t<div class=\"elementor-widget-container\">\n\t\t\t\t\t<a class=\"elementor-cta\" href=\"https:\/\/coredoll.com\/pt\/fotos-de-bonecas-sexuais\/\">\n\t\t\t\t\t<div class=\"elementor-cta__bg-wrapper\">\n\t\t\t\t<div class=\"elementor-cta__bg elementor-bg\" style=\"background-image: url(https:\/\/coredoll.com\/wp-content\/uploads\/2024\/04\/redirect.jpg);\" role=\"img\" aria-label=\"redirecionar\"><\/div>\n\t\t\t\t<div class=\"elementor-cta__bg-overlay\"><\/div>\n\t\t\t<\/div>\n\t\t\t\t\t\t\t<div class=\"elementor-cta__content\">\n\t\t\t\t\n\t\t\t\t\t\t\t\t\t<h2 class=\"elementor-cta__title elementor-cta__content-item elementor-content-item elementor-animated-item--grow\">\n\t\t\t\t\t\tMais de 2.500 minibonecas sexuais pequenas <\/br>sexdollxxx .com\t\t\t\t\t<\/h2>\n\t\t\t\t\n\t\t\t\t\t\t\t\t\t<div class=\"elementor-cta__description elementor-cta__content-item elementor-content-item elementor-animated-item--grow\">\n\t\t\t\t\t\t40cm, 60cm, 80cm, 100cm, 120cm, 140cm\t\t\t\t\t<\/div>\n\t\t\t\t\n\t\t\t\t\t\t\t\t\t<div class=\"elementor-cta__button-wrapper elementor-cta__content-item elementor-content-item elementor-animated-item--grow\">\n\t\t\t\t\t<span class=\"elementor-cta__button elementor-button elementor-size-md\">\n\t\t\t\t\t\tCompre agora\t\t\t\t\t<\/span>\n\t\t\t\t\t<\/div>\n\t\t\t\t\t\t\t<\/div>\n\t\t\t\t\t\t<\/a>\n\t\t\t\t<\/div>\n\t\t\t\t<\/div>\n\t\t\t\t\t<\/div>\n\t\t\t\t<\/div>\n\t\t\t\t\t<\/div>\n\t\t\t\t<\/div>\n\t\t\t\t\t<\/div>\n\t\t\t\t<\/div>\n\t\t\t\t<\/div>","protected":false},"excerpt":{"rendered":"<div data-elementor-type=\"section\" data-elementor-id=\"15952\" class=\"elementor elementor-15952\" data-elementor-post-type=\"elementor_library\">\n<div class=\"wd-negative-gap elementor-element elementor-element-49f97e26 e-flex e-con-boxed e-con e-parent\" data-id=\"49f97e26\" data-element_type=\"container\">\n<div class=\"e-con-inner\">\n<div class=\"wd-negative-gap elementor-element elementor-element-449b9556 e-flex e-con-boxed e-con e-child\" data-id=\"449b9556\" data-element_type=\"container\">\n<div class=\"e-con-inner\">\n<div class=\"elementor-element elementor-element-613a7c10 elementor-cta--skin-cover elementor-animated-content elementor-bg-transform elementor-bg-transform-zoom-in elementor-widget elementor-widget-call-to-action\" data-id=\"613a7c10\" data-element_type=\"widget\" data-widget_type=\"call-to-action.default\">\n<div class=\"elementor-widget-container\">\n\t\t\t<link rel=\"stylesheet\" href=\"https:\/\/coredoll.com\/wp-content\/uploads\/elementor\/css\/custom-pro-widget-call-to-action.min.css?ver=1716455771\">\t\t<a class=\"elementor-cta\" href=\"https:\/\/coredoll.com\/pt\/fotos-de-bonecas-sexuais\/\"><\/p>\n<div class=\"elementor-cta__bg-wrapper\">\n<div class=\"elementor-cta__bg elementor-bg\" style=\"background-image: url(https:\/\/coredoll.com\/wp-content\/uploads\/2024\/04\/redirect-1.jpg);\" role=\"img\" aria-label=\"redirecionamento.jpg\"><\/div>\n<div class=\"elementor-cta__bg-overlay\"><\/div>\n<\/p><\/div>\n<div class=\"elementor-cta__content\">\n<h2 class=\"elementor-cta__title elementor-cta__content-item elementor-content-item elementor-animated-item--grow\">\n\t\t\t\t\t\tMais de 2.500 minibonecas sexuais pequenas <\/br>sexdollxxx .com\t\t\t\t\t<\/h2>\n<div class=\"elementor-cta__description elementor-cta__content-item elementor-content-item elementor-animated-item--grow\">\n\t\t\t\t\t\t40cm, 60cm, 80cm, 100cm, 120cm, 140cm\t\t\t\t\t<\/div>\n<div class=\"elementor-cta__button-wrapper elementor-cta__content-item elementor-content-item elementor-animated-item--grow\">\n\t\t\t\t\t<span class=\"elementor-cta__button elementor-button elementor-size-md\"><br \/>\n\t\t\t\t\t\tCompre agora\t\t\t\t\t<\/span>\n\t\t\t\t\t<\/div>\n<\/p><\/div>\n<p>\t\t\t\t\t\t<\/a>\n\t\t\t\t<\/div>\n<\/p><\/div>\n<\/p><\/div>\n<\/p><\/div>\n<\/p><\/div>\n<\/p><\/div>\n<\/p><\/div>","protected":false},"featured_media":15950,"comment_status":"closed","ping_status":"closed","template":"","meta":[],"product_cat":[797,771,770],"product_tag":[],"aioseo_notices":[],"_links":{"self":[{"href":"https:\/\/coredoll.com\/pt\/wp-json\/wp\/v2\/product\/21049"}],"collection":[{"href":"https:\/\/coredoll.com\/pt\/wp-json\/wp\/v2\/product"}],"about":[{"href":"https:\/\/coredoll.com\/pt\/wp-json\/wp\/v2\/types\/product"}],"replies":[{"embeddable":true,"href":"https:\/\/coredoll.com\/pt\/wp-json\/wp\/v2\/comments?post=21049"}],"version-history":[{"count":1,"href":"https:\/\/coredoll.com\/pt\/wp-json\/wp\/v2\/product\/21049\/revisions"}],"predecessor-version":[{"id":21050,"href":"https:\/\/coredoll.com\/pt\/wp-json\/wp\/v2\/product\/21049\/revisions\/21050"}],"wp:featuredmedia":[{"embeddable":true,"href":"https:\/\/coredoll.com\/pt\/wp-json\/wp\/v2\/media\/15950"}],"wp:attachment":[{"href":"https:\/\/coredoll.com\/pt\/wp-json\/wp\/v2\/media?parent=21049"}],"wp:term":[{"taxonomy":"product_cat","embeddable":true,"href":"https:\/\/coredoll.com\/pt\/wp-json\/wp\/v2\/product_cat?post=21049"},{"taxonomy":"product_tag","embeddable":true,"href":"https:\/\/coredoll.com\/pt\/wp-json\/wp\/v2\/product_tag?post=21049"}],"curies":[{"name":"wp","href":"https:\/\/api.w.org\/{rel}","templated":true}]}}