{"id":21023,"date":"2024-04-22T12:32:04","date_gmt":"2024-04-22T12:32:04","guid":{"rendered":"https:\/\/aimdoll.com\/product\/realistic-tpe-mini-lifelike-small-love-doll\/"},"modified":"2024-05-06T05:54:09","modified_gmt":"2024-05-06T05:54:09","slug":"realistic-tpe-mini-lifelike-small-love-doll","status":"publish","type":"product","link":"https:\/\/coredoll.com\/pt\/product\/realista-tpe-mini-boneca-do-amor-pequena-e-realista\/","title":{"rendered":"Boneca do amor pequena realista Tpe Mini Lifelike"},"content":{"rendered":"<p>As pessoas t\u00eam gostos diferentes ao escolher bonecas sexuais para jovens e adolescentes. A melhor maneira de comprar uma pequena boneca do amor para voc\u00ea \u00e9 assistir a maneira como o homem fode pornografia com boneca sexual de menina. A maioria dos v\u00eddeos porn\u00f4s mostra como seios pequenos e realistas de bonecas sexuais em 3D podem ser usados no sexo. Depois de assistir aos v\u00eddeos porn\u00f4s, voc\u00ea ter\u00e1 seus desejos sexuais satisfeitos fodendo a boneca do amor de 100 cm.<\/p>\n<p>&nbsp;<\/p>\n<p>Uma boneca do amor de 100 cm ser\u00e1 classificada como crian\u00e7a? Sob minha bonequinha sexual, nenhuma boneca sexual realista \u00e9 uma crian\u00e7a. Para obter a experi\u00eancia de peitos pequenos da mini boneca sexual tpe, voc\u00ea precisa aprender a foder.<\/p>\n<p>&nbsp;<\/p>\n<p>O jovem boneco sexual masculino ajuda as mulheres a desfrutar do orgasmo. A boneca sexual caja de 168 cm n\u00e3o pode ser diferenciada de um humano por causa da realidade agregada. Conseguir a rara boneca sexual Anna de 158 cm deixa voc\u00ea com diferentes experi\u00eancias sexuais.<\/p>\n<p>&nbsp;<\/p>\n\t\t<div data-elementor-type=\"section\" data-elementor-id=\"15956\" class=\"elementor elementor-15956\" data-elementor-post-type=\"elementor_library\">\n\t\t\t<div class=\"wd-negative-gap elementor-element elementor-element-e744d45 e-flex e-con-boxed e-con e-parent\" data-id=\"e744d45\" data-element_type=\"container\">\n\t\t\t\t\t<div class=\"e-con-inner\">\n\t\t<div class=\"wd-negative-gap elementor-element elementor-element-2abc4734 e-flex e-con-boxed e-con e-child\" data-id=\"2abc4734\" data-element_type=\"container\">\n\t\t\t\t\t<div class=\"e-con-inner\">\n\t\t<div class=\"wd-negative-gap elementor-element elementor-element-e4e90d0 e-flex e-con-boxed e-con e-child\" data-id=\"e4e90d0\" data-element_type=\"container\">\n\t\t\t\t\t<div class=\"e-con-inner\">\n\t\t\t\t<div class=\"elementor-element elementor-element-2191b1a4 elementor-cta--skin-cover elementor-animated-content elementor-bg-transform elementor-bg-transform-zoom-in elementor-widget elementor-widget-call-to-action\" data-id=\"2191b1a4\" data-element_type=\"widget\" data-widget_type=\"call-to-action.default\">\n\t\t\t\t<div class=\"elementor-widget-container\">\n\t\t\t\t\t<a class=\"elementor-cta\" href=\"https:\/\/coredoll.com\/pt\/fotos-de-bonecas-sexuais\/\">\n\t\t\t\t\t<div class=\"elementor-cta__bg-wrapper\">\n\t\t\t\t<div class=\"elementor-cta__bg elementor-bg\" style=\"background-image: url(https:\/\/coredoll.com\/wp-content\/uploads\/2024\/04\/redirect.jpg);\" role=\"img\" aria-label=\"redirecionar\"><\/div>\n\t\t\t\t<div class=\"elementor-cta__bg-overlay\"><\/div>\n\t\t\t<\/div>\n\t\t\t\t\t\t\t<div class=\"elementor-cta__content\">\n\t\t\t\t\n\t\t\t\t\t\t\t\t\t<h2 class=\"elementor-cta__title elementor-cta__content-item elementor-content-item elementor-animated-item--grow\">\n\t\t\t\t\t\tMais de 2.500 minibonecas sexuais pequenas <\/br>sexdollxxx .com\t\t\t\t\t<\/h2>\n\t\t\t\t\n\t\t\t\t\t\t\t\t\t<div class=\"elementor-cta__description elementor-cta__content-item elementor-content-item elementor-animated-item--grow\">\n\t\t\t\t\t\t40cm, 60cm, 80cm, 100cm, 120cm, 140cm\t\t\t\t\t<\/div>\n\t\t\t\t\n\t\t\t\t\t\t\t\t\t<div class=\"elementor-cta__button-wrapper elementor-cta__content-item elementor-content-item elementor-animated-item--grow\">\n\t\t\t\t\t<span class=\"elementor-cta__button elementor-button elementor-size-md\">\n\t\t\t\t\t\tCompre agora\t\t\t\t\t<\/span>\n\t\t\t\t\t<\/div>\n\t\t\t\t\t\t\t<\/div>\n\t\t\t\t\t\t<\/a>\n\t\t\t\t<\/div>\n\t\t\t\t<\/div>\n\t\t\t\t\t<\/div>\n\t\t\t\t<\/div>\n\t\t\t\t\t<\/div>\n\t\t\t\t<\/div>\n\t\t\t\t\t<\/div>\n\t\t\t\t<\/div>\n\t\t\t\t<\/div>","protected":false},"excerpt":{"rendered":"<div data-elementor-type=\"section\" data-elementor-id=\"15952\" class=\"elementor elementor-15952\" data-elementor-post-type=\"elementor_library\">\n<div class=\"wd-negative-gap elementor-element elementor-element-49f97e26 e-flex e-con-boxed e-con e-parent\" data-id=\"49f97e26\" data-element_type=\"container\">\n<div class=\"e-con-inner\">\n<div class=\"wd-negative-gap elementor-element elementor-element-449b9556 e-flex e-con-boxed e-con e-child\" data-id=\"449b9556\" data-element_type=\"container\">\n<div class=\"e-con-inner\">\n<div class=\"elementor-element elementor-element-613a7c10 elementor-cta--skin-cover elementor-animated-content elementor-bg-transform elementor-bg-transform-zoom-in elementor-widget elementor-widget-call-to-action\" data-id=\"613a7c10\" data-element_type=\"widget\" data-widget_type=\"call-to-action.default\">\n<div class=\"elementor-widget-container\">\n\t\t\t<link rel=\"stylesheet\" href=\"https:\/\/coredoll.com\/wp-content\/uploads\/elementor\/css\/custom-pro-widget-call-to-action.min.css?ver=1716455771\">\t\t<a class=\"elementor-cta\" href=\"https:\/\/coredoll.com\/pt\/fotos-de-bonecas-sexuais\/\"><\/p>\n<div class=\"elementor-cta__bg-wrapper\">\n<div class=\"elementor-cta__bg elementor-bg\" style=\"background-image: url(https:\/\/coredoll.com\/wp-content\/uploads\/2024\/04\/redirect-1.jpg);\" role=\"img\" aria-label=\"redirecionamento.jpg\"><\/div>\n<div class=\"elementor-cta__bg-overlay\"><\/div>\n<\/p><\/div>\n<div class=\"elementor-cta__content\">\n<h2 class=\"elementor-cta__title elementor-cta__content-item elementor-content-item elementor-animated-item--grow\">\n\t\t\t\t\t\tMais de 2.500 minibonecas sexuais pequenas <\/br>sexdollxxx .com\t\t\t\t\t<\/h2>\n<div class=\"elementor-cta__description elementor-cta__content-item elementor-content-item elementor-animated-item--grow\">\n\t\t\t\t\t\t40cm, 60cm, 80cm, 100cm, 120cm, 140cm\t\t\t\t\t<\/div>\n<div class=\"elementor-cta__button-wrapper elementor-cta__content-item elementor-content-item elementor-animated-item--grow\">\n\t\t\t\t\t<span class=\"elementor-cta__button elementor-button elementor-size-md\"><br \/>\n\t\t\t\t\t\tCompre agora\t\t\t\t\t<\/span>\n\t\t\t\t\t<\/div>\n<\/p><\/div>\n<p>\t\t\t\t\t\t<\/a>\n\t\t\t\t<\/div>\n<\/p><\/div>\n<\/p><\/div>\n<\/p><\/div>\n<\/p><\/div>\n<\/p><\/div>\n<\/p><\/div>","protected":false},"featured_media":15950,"comment_status":"closed","ping_status":"closed","template":"","meta":[],"product_cat":[795,777,784],"product_tag":[],"aioseo_notices":[],"_links":{"self":[{"href":"https:\/\/coredoll.com\/pt\/wp-json\/wp\/v2\/product\/21023"}],"collection":[{"href":"https:\/\/coredoll.com\/pt\/wp-json\/wp\/v2\/product"}],"about":[{"href":"https:\/\/coredoll.com\/pt\/wp-json\/wp\/v2\/types\/product"}],"replies":[{"embeddable":true,"href":"https:\/\/coredoll.com\/pt\/wp-json\/wp\/v2\/comments?post=21023"}],"version-history":[{"count":2,"href":"https:\/\/coredoll.com\/pt\/wp-json\/wp\/v2\/product\/21023\/revisions"}],"predecessor-version":[{"id":21631,"href":"https:\/\/coredoll.com\/pt\/wp-json\/wp\/v2\/product\/21023\/revisions\/21631"}],"wp:featuredmedia":[{"embeddable":true,"href":"https:\/\/coredoll.com\/pt\/wp-json\/wp\/v2\/media\/15950"}],"wp:attachment":[{"href":"https:\/\/coredoll.com\/pt\/wp-json\/wp\/v2\/media?parent=21023"}],"wp:term":[{"taxonomy":"product_cat","embeddable":true,"href":"https:\/\/coredoll.com\/pt\/wp-json\/wp\/v2\/product_cat?post=21023"},{"taxonomy":"product_tag","embeddable":true,"href":"https:\/\/coredoll.com\/pt\/wp-json\/wp\/v2\/product_tag?post=21023"}],"curies":[{"name":"wp","href":"https:\/\/api.w.org\/{rel}","templated":true}]}}