{"id":20777,"date":"2024-04-22T12:31:37","date_gmt":"2024-04-22T12:31:37","guid":{"rendered":"https:\/\/aimdoll.com\/product\/100cm-japanese-small-titties-angel-sex-doll\/"},"modified":"2024-05-06T08:31:24","modified_gmt":"2024-05-06T08:31:24","slug":"100cm-japanese-small-titties-angel-sex-doll","status":"publish","type":"product","link":"https:\/\/coredoll.com\/pt\/product\/boneca-sexual-japonesa-de-anjo-com-peitos-pequenos-de-100-cm\/","title":{"rendered":"Boneca sexual japonesa de anjo com peitos pequenos de 100 cm"},"content":{"rendered":"<p>A boneca sexual de peito achatado tem um som de fundo que pode incentiv\u00e1-lo enquanto fode a boneca sexual Kaine de 100 cm. Assumir o controle de sua vida sexual come\u00e7a com a obten\u00e7\u00e3o de uma boneca do amor anjo 100cn que est\u00e1 disposta a ajud\u00e1-lo a aliviar a tens\u00e3o sexual a qualquer momento.<\/p>\n<p>&nbsp;<\/p>\n<p>Com a pequena boneca sexual japonesa de silicone, n\u00e3o h\u00e1 necessidade de ser fr\u00e1gil, pois ela n\u00e3o pode se machucar. Os peitinhos da boneca sexual t\u00eam ar\u00e9ola rosa para dar mais realidade. Cada parte da boneca sexual japonesa de silicone parece real e \u00e9 feita de material dur\u00e1vel e n\u00e3o escorregadio.<\/p>\n<p>&nbsp;<\/p>\n<p>A pequena linha de bonecas sexuais japonesas pode ser personalizada para caber em qualquer tamanho que voc\u00ea desejar. As gozadas da boneca sexual de peito chato v\u00e3o excitar como prova de que voc\u00ea \u00e9 um mestre sexual. No que diz respeito aos tamanhos, a boneca jm Chloe sex de 65 cm e a boneca sexual de 100 cm est\u00e3o no topo das paradas. Quando um cara fode uma pequena boneca sexual, \u00e9 sem restri\u00e7\u00f5es.<\/p>\n<p>&nbsp;<\/p>\n\t\t<div data-elementor-type=\"section\" data-elementor-id=\"15956\" class=\"elementor elementor-15956\" data-elementor-post-type=\"elementor_library\">\n\t\t\t<div class=\"wd-negative-gap elementor-element elementor-element-e744d45 e-flex e-con-boxed e-con e-parent\" data-id=\"e744d45\" data-element_type=\"container\">\n\t\t\t\t\t<div class=\"e-con-inner\">\n\t\t<div class=\"wd-negative-gap elementor-element elementor-element-2abc4734 e-flex e-con-boxed e-con e-child\" data-id=\"2abc4734\" data-element_type=\"container\">\n\t\t\t\t\t<div class=\"e-con-inner\">\n\t\t<div class=\"wd-negative-gap elementor-element elementor-element-e4e90d0 e-flex e-con-boxed e-con e-child\" data-id=\"e4e90d0\" data-element_type=\"container\">\n\t\t\t\t\t<div class=\"e-con-inner\">\n\t\t\t\t<div class=\"elementor-element elementor-element-2191b1a4 elementor-cta--skin-cover elementor-animated-content elementor-bg-transform elementor-bg-transform-zoom-in elementor-widget elementor-widget-call-to-action\" data-id=\"2191b1a4\" data-element_type=\"widget\" data-widget_type=\"call-to-action.default\">\n\t\t\t\t<div class=\"elementor-widget-container\">\n\t\t\t\t\t<a class=\"elementor-cta\" href=\"https:\/\/coredoll.com\/pt\/fotos-de-bonecas-sexuais\/\">\n\t\t\t\t\t<div class=\"elementor-cta__bg-wrapper\">\n\t\t\t\t<div class=\"elementor-cta__bg elementor-bg\" style=\"background-image: url(https:\/\/coredoll.com\/wp-content\/uploads\/2024\/04\/redirect.jpg);\" role=\"img\" aria-label=\"redirecionar\"><\/div>\n\t\t\t\t<div class=\"elementor-cta__bg-overlay\"><\/div>\n\t\t\t<\/div>\n\t\t\t\t\t\t\t<div class=\"elementor-cta__content\">\n\t\t\t\t\n\t\t\t\t\t\t\t\t\t<h2 class=\"elementor-cta__title elementor-cta__content-item elementor-content-item elementor-animated-item--grow\">\n\t\t\t\t\t\tMais de 2.500 minibonecas sexuais pequenas <\/br>sexdollxxx .com\t\t\t\t\t<\/h2>\n\t\t\t\t\n\t\t\t\t\t\t\t\t\t<div class=\"elementor-cta__description elementor-cta__content-item elementor-content-item elementor-animated-item--grow\">\n\t\t\t\t\t\t40cm, 60cm, 80cm, 100cm, 120cm, 140cm\t\t\t\t\t<\/div>\n\t\t\t\t\n\t\t\t\t\t\t\t\t\t<div class=\"elementor-cta__button-wrapper elementor-cta__content-item elementor-content-item elementor-animated-item--grow\">\n\t\t\t\t\t<span class=\"elementor-cta__button elementor-button elementor-size-md\">\n\t\t\t\t\t\tCompre agora\t\t\t\t\t<\/span>\n\t\t\t\t\t<\/div>\n\t\t\t\t\t\t\t<\/div>\n\t\t\t\t\t\t<\/a>\n\t\t\t\t<\/div>\n\t\t\t\t<\/div>\n\t\t\t\t\t<\/div>\n\t\t\t\t<\/div>\n\t\t\t\t\t<\/div>\n\t\t\t\t<\/div>\n\t\t\t\t\t<\/div>\n\t\t\t\t<\/div>\n\t\t\t\t<\/div>","protected":false},"excerpt":{"rendered":"<div data-elementor-type=\"section\" data-elementor-id=\"15952\" class=\"elementor elementor-15952\" data-elementor-post-type=\"elementor_library\">\n<div class=\"wd-negative-gap elementor-element elementor-element-49f97e26 e-flex e-con-boxed e-con e-parent\" data-id=\"49f97e26\" data-element_type=\"container\">\n<div class=\"e-con-inner\">\n<div class=\"wd-negative-gap elementor-element elementor-element-449b9556 e-flex e-con-boxed e-con e-child\" data-id=\"449b9556\" data-element_type=\"container\">\n<div class=\"e-con-inner\">\n<div class=\"elementor-element elementor-element-613a7c10 elementor-cta--skin-cover elementor-animated-content elementor-bg-transform elementor-bg-transform-zoom-in elementor-widget elementor-widget-call-to-action\" data-id=\"613a7c10\" data-element_type=\"widget\" data-widget_type=\"call-to-action.default\">\n<div class=\"elementor-widget-container\">\n\t\t\t<link rel=\"stylesheet\" href=\"https:\/\/coredoll.com\/wp-content\/uploads\/elementor\/css\/custom-pro-widget-call-to-action.min.css?ver=1716455771\">\t\t<a class=\"elementor-cta\" href=\"https:\/\/coredoll.com\/pt\/fotos-de-bonecas-sexuais\/\"><\/p>\n<div class=\"elementor-cta__bg-wrapper\">\n<div class=\"elementor-cta__bg elementor-bg\" style=\"background-image: url(https:\/\/coredoll.com\/wp-content\/uploads\/2024\/04\/redirect-1.jpg);\" role=\"img\" aria-label=\"redirecionamento.jpg\"><\/div>\n<div class=\"elementor-cta__bg-overlay\"><\/div>\n<\/p><\/div>\n<div class=\"elementor-cta__content\">\n<h2 class=\"elementor-cta__title elementor-cta__content-item elementor-content-item elementor-animated-item--grow\">\n\t\t\t\t\t\tMais de 2.500 minibonecas sexuais pequenas <\/br>sexdollxxx .com\t\t\t\t\t<\/h2>\n<div class=\"elementor-cta__description elementor-cta__content-item elementor-content-item elementor-animated-item--grow\">\n\t\t\t\t\t\t40cm, 60cm, 80cm, 100cm, 120cm, 140cm\t\t\t\t\t<\/div>\n<div class=\"elementor-cta__button-wrapper elementor-cta__content-item elementor-content-item elementor-animated-item--grow\">\n\t\t\t\t\t<span class=\"elementor-cta__button elementor-button elementor-size-md\"><br \/>\n\t\t\t\t\t\tCompre agora\t\t\t\t\t<\/span>\n\t\t\t\t\t<\/div>\n<\/p><\/div>\n<p>\t\t\t\t\t\t<\/a>\n\t\t\t\t<\/div>\n<\/p><\/div>\n<\/p><\/div>\n<\/p><\/div>\n<\/p><\/div>\n<\/p><\/div>\n<\/p><\/div>","protected":false},"featured_media":15950,"comment_status":"closed","ping_status":"closed","template":"","meta":[],"product_cat":[792,786,787],"product_tag":[],"aioseo_notices":[],"_links":{"self":[{"href":"https:\/\/coredoll.com\/pt\/wp-json\/wp\/v2\/product\/20777"}],"collection":[{"href":"https:\/\/coredoll.com\/pt\/wp-json\/wp\/v2\/product"}],"about":[{"href":"https:\/\/coredoll.com\/pt\/wp-json\/wp\/v2\/types\/product"}],"replies":[{"embeddable":true,"href":"https:\/\/coredoll.com\/pt\/wp-json\/wp\/v2\/comments?post=20777"}],"version-history":[{"count":1,"href":"https:\/\/coredoll.com\/pt\/wp-json\/wp\/v2\/product\/20777\/revisions"}],"predecessor-version":[{"id":20778,"href":"https:\/\/coredoll.com\/pt\/wp-json\/wp\/v2\/product\/20777\/revisions\/20778"}],"wp:featuredmedia":[{"embeddable":true,"href":"https:\/\/coredoll.com\/pt\/wp-json\/wp\/v2\/media\/15950"}],"wp:attachment":[{"href":"https:\/\/coredoll.com\/pt\/wp-json\/wp\/v2\/media?parent=20777"}],"wp:term":[{"taxonomy":"product_cat","embeddable":true,"href":"https:\/\/coredoll.com\/pt\/wp-json\/wp\/v2\/product_cat?post=20777"},{"taxonomy":"product_tag","embeddable":true,"href":"https:\/\/coredoll.com\/pt\/wp-json\/wp\/v2\/product_tag?post=20777"}],"curies":[{"name":"wp","href":"https:\/\/api.w.org\/{rel}","templated":true}]}}