{"id":20759,"date":"2024-04-22T12:31:37","date_gmt":"2024-04-22T12:31:37","guid":{"rendered":"https:\/\/aimdoll.com\/product\/man-fucks-young-teen-lifelike-silicone-sex-doll\/"},"modified":"2024-05-06T06:31:55","modified_gmt":"2024-05-06T06:31:55","slug":"man-fucks-young-teen-lifelike-silicone-sex-doll","status":"publish","type":"product","link":"https:\/\/coredoll.com\/pt\/product\/homem-fode-jovem-adolescente-com-boneca-sexual-de-silicone-realista\/","title":{"rendered":"Homem fode jovem adolescente boneca sexual de silicone realista"},"content":{"rendered":"<p>Desembalar a boneca sexual de 140 cm \u00e9 um exerc\u00edcio emocionante, pois \u00e9 uma porta de entrada para incr\u00edveis fa\u00e7anhas sexuais. A linha de sexo adolescente da nossa loja online foi projetada para homens que amam curvas jovens e deliciosas. No v\u00eddeo pornhub de homem \u00e1spero fode jovem boneca sexual realista, voc\u00ea tem tudo o que precisa ver sobre v\u00e1rias maneiras de foder mini mu? boneca sexual eca silicone e desejo.<\/p>\n<p>&nbsp;<\/p>\n<p>A melhor maneira de entender completamente uma pequena boneca sexual masculina \u00e9 assistir ao v\u00eddeo da mini boneca sexual. As mulheres podem ter orgasmos com a adolescente brincando de boneca sexual que possui um p\u00eanis grosso e longo.<\/p>\n<p>&nbsp;<\/p>\n<p>Sexo com boneca plana de 100cm n\u00e3o parece dif\u00edcil. O que voc\u00ea deve pensar \u00e9 conseguir o m\u00e1ximo de ejacula\u00e7\u00f5es poss\u00edvel. Uma boneca sexual adolescente realista \u00e9 feita do melhor material para que voc\u00ea n\u00e3o precise ficar fr\u00e1gil ao fazer sexo com a boneca wm xhamster Riley 100cm. Voc\u00ea pode ter certeza de que n\u00e3o perder\u00e1 nada ao passar um tempo com a boneca sexual adulta.<\/p>\n<p>&nbsp;<\/p>\n\t\t<div data-elementor-type=\"section\" data-elementor-id=\"15956\" class=\"elementor elementor-15956\" data-elementor-post-type=\"elementor_library\">\n\t\t\t<div class=\"wd-negative-gap elementor-element elementor-element-e744d45 e-flex e-con-boxed e-con e-parent\" data-id=\"e744d45\" data-element_type=\"container\">\n\t\t\t\t\t<div class=\"e-con-inner\">\n\t\t<div class=\"wd-negative-gap elementor-element elementor-element-2abc4734 e-flex e-con-boxed e-con e-child\" data-id=\"2abc4734\" data-element_type=\"container\">\n\t\t\t\t\t<div class=\"e-con-inner\">\n\t\t<div class=\"wd-negative-gap elementor-element elementor-element-e4e90d0 e-flex e-con-boxed e-con e-child\" data-id=\"e4e90d0\" data-element_type=\"container\">\n\t\t\t\t\t<div class=\"e-con-inner\">\n\t\t\t\t<div class=\"elementor-element elementor-element-2191b1a4 elementor-cta--skin-cover elementor-animated-content elementor-bg-transform elementor-bg-transform-zoom-in elementor-widget elementor-widget-call-to-action\" data-id=\"2191b1a4\" data-element_type=\"widget\" data-widget_type=\"call-to-action.default\">\n\t\t\t\t<div class=\"elementor-widget-container\">\n\t\t\t\t\t<a class=\"elementor-cta\" href=\"https:\/\/coredoll.com\/pt\/fotos-de-bonecas-sexuais\/\">\n\t\t\t\t\t<div class=\"elementor-cta__bg-wrapper\">\n\t\t\t\t<div class=\"elementor-cta__bg elementor-bg\" style=\"background-image: url(https:\/\/coredoll.com\/wp-content\/uploads\/2024\/04\/redirect.jpg);\" role=\"img\" aria-label=\"redirecionar\"><\/div>\n\t\t\t\t<div class=\"elementor-cta__bg-overlay\"><\/div>\n\t\t\t<\/div>\n\t\t\t\t\t\t\t<div class=\"elementor-cta__content\">\n\t\t\t\t\n\t\t\t\t\t\t\t\t\t<h2 class=\"elementor-cta__title elementor-cta__content-item elementor-content-item elementor-animated-item--grow\">\n\t\t\t\t\t\tMais de 2.500 minibonecas sexuais pequenas <\/br>sexdollxxx .com\t\t\t\t\t<\/h2>\n\t\t\t\t\n\t\t\t\t\t\t\t\t\t<div class=\"elementor-cta__description elementor-cta__content-item elementor-content-item elementor-animated-item--grow\">\n\t\t\t\t\t\t40cm, 60cm, 80cm, 100cm, 120cm, 140cm\t\t\t\t\t<\/div>\n\t\t\t\t\n\t\t\t\t\t\t\t\t\t<div class=\"elementor-cta__button-wrapper elementor-cta__content-item elementor-content-item elementor-animated-item--grow\">\n\t\t\t\t\t<span class=\"elementor-cta__button elementor-button elementor-size-md\">\n\t\t\t\t\t\tCompre agora\t\t\t\t\t<\/span>\n\t\t\t\t\t<\/div>\n\t\t\t\t\t\t\t<\/div>\n\t\t\t\t\t\t<\/a>\n\t\t\t\t<\/div>\n\t\t\t\t<\/div>\n\t\t\t\t\t<\/div>\n\t\t\t\t<\/div>\n\t\t\t\t\t<\/div>\n\t\t\t\t<\/div>\n\t\t\t\t\t<\/div>\n\t\t\t\t<\/div>\n\t\t\t\t<\/div>","protected":false},"excerpt":{"rendered":"<div data-elementor-type=\"section\" data-elementor-id=\"15952\" class=\"elementor elementor-15952\" data-elementor-post-type=\"elementor_library\">\n<div class=\"wd-negative-gap elementor-element elementor-element-49f97e26 e-flex e-con-boxed e-con e-parent\" data-id=\"49f97e26\" data-element_type=\"container\">\n<div class=\"e-con-inner\">\n<div class=\"wd-negative-gap elementor-element elementor-element-449b9556 e-flex e-con-boxed e-con e-child\" data-id=\"449b9556\" data-element_type=\"container\">\n<div class=\"e-con-inner\">\n<div class=\"elementor-element elementor-element-613a7c10 elementor-cta--skin-cover elementor-animated-content elementor-bg-transform elementor-bg-transform-zoom-in elementor-widget elementor-widget-call-to-action\" data-id=\"613a7c10\" data-element_type=\"widget\" data-widget_type=\"call-to-action.default\">\n<div class=\"elementor-widget-container\">\n\t\t\t<link rel=\"stylesheet\" href=\"https:\/\/coredoll.com\/wp-content\/uploads\/elementor\/css\/custom-pro-widget-call-to-action.min.css?ver=1716455771\">\t\t<a class=\"elementor-cta\" href=\"https:\/\/coredoll.com\/pt\/fotos-de-bonecas-sexuais\/\"><\/p>\n<div class=\"elementor-cta__bg-wrapper\">\n<div class=\"elementor-cta__bg elementor-bg\" style=\"background-image: url(https:\/\/coredoll.com\/wp-content\/uploads\/2024\/04\/redirect-1.jpg);\" role=\"img\" aria-label=\"redirecionamento.jpg\"><\/div>\n<div class=\"elementor-cta__bg-overlay\"><\/div>\n<\/p><\/div>\n<div class=\"elementor-cta__content\">\n<h2 class=\"elementor-cta__title elementor-cta__content-item elementor-content-item elementor-animated-item--grow\">\n\t\t\t\t\t\tMais de 2.500 minibonecas sexuais pequenas <\/br>sexdollxxx .com\t\t\t\t\t<\/h2>\n<div class=\"elementor-cta__description elementor-cta__content-item elementor-content-item elementor-animated-item--grow\">\n\t\t\t\t\t\t40cm, 60cm, 80cm, 100cm, 120cm, 140cm\t\t\t\t\t<\/div>\n<div class=\"elementor-cta__button-wrapper elementor-cta__content-item elementor-content-item elementor-animated-item--grow\">\n\t\t\t\t\t<span class=\"elementor-cta__button elementor-button elementor-size-md\"><br \/>\n\t\t\t\t\t\tCompre agora\t\t\t\t\t<\/span>\n\t\t\t\t\t<\/div>\n<\/p><\/div>\n<p>\t\t\t\t\t\t<\/a>\n\t\t\t\t<\/div>\n<\/p><\/div>\n<\/p><\/div>\n<\/p><\/div>\n<\/p><\/div>\n<\/p><\/div>\n<\/p><\/div>","protected":false},"featured_media":15950,"comment_status":"closed","ping_status":"closed","template":"","meta":[],"product_cat":[786,787,782],"product_tag":[],"aioseo_notices":[],"_links":{"self":[{"href":"https:\/\/coredoll.com\/pt\/wp-json\/wp\/v2\/product\/20759"}],"collection":[{"href":"https:\/\/coredoll.com\/pt\/wp-json\/wp\/v2\/product"}],"about":[{"href":"https:\/\/coredoll.com\/pt\/wp-json\/wp\/v2\/types\/product"}],"replies":[{"embeddable":true,"href":"https:\/\/coredoll.com\/pt\/wp-json\/wp\/v2\/comments?post=20759"}],"version-history":[{"count":1,"href":"https:\/\/coredoll.com\/pt\/wp-json\/wp\/v2\/product\/20759\/revisions"}],"predecessor-version":[{"id":20760,"href":"https:\/\/coredoll.com\/pt\/wp-json\/wp\/v2\/product\/20759\/revisions\/20760"}],"wp:featuredmedia":[{"embeddable":true,"href":"https:\/\/coredoll.com\/pt\/wp-json\/wp\/v2\/media\/15950"}],"wp:attachment":[{"href":"https:\/\/coredoll.com\/pt\/wp-json\/wp\/v2\/media?parent=20759"}],"wp:term":[{"taxonomy":"product_cat","embeddable":true,"href":"https:\/\/coredoll.com\/pt\/wp-json\/wp\/v2\/product_cat?post=20759"},{"taxonomy":"product_tag","embeddable":true,"href":"https:\/\/coredoll.com\/pt\/wp-json\/wp\/v2\/product_tag?post=20759"}],"curies":[{"name":"wp","href":"https:\/\/api.w.org\/{rel}","templated":true}]}}