{"id":20489,"date":"2024-04-22T12:31:08","date_gmt":"2024-04-22T12:31:08","guid":{"rendered":"https:\/\/aimdoll.com\/product\/100cm-tpe-asian-teen-mini-sex-doll\/"},"modified":"2024-05-15T08:30:26","modified_gmt":"2024-05-15T08:30:26","slug":"100cm-tpe-asian-teen-mini-sex-doll","status":"publish","type":"product","link":"https:\/\/coredoll.com\/pt\/product\/mini-boneca-sexual-adolescente-asiatica-de-100-cm-tpe\/","title":{"rendered":"Mini boneca sexual adolescente asi\u00e1tica TPE de 100 cm"},"content":{"rendered":"<p>Os melhores amigos para se divertir s\u00e3o o nosso brinquedo sexual TPE de 100 cm e sua pequena vers\u00e3o, a mini boneca sexual de 65 cm. Feitos com cuidado com um bom material TPE, esses bonecos parecem pessoas reais. Eles v\u00e3o deixar voc\u00ea surpreso e sem f\u00f4lego.<\/p>\n<p>Nossa boneca sexual TPE de 100 cm de altura \u00e9 feita para realizar todos os seus sonhos. Tem uma sensa\u00e7\u00e3o agrad\u00e1vel e macia na pele e pode se mover facilmente de diferentes maneiras para o melhor tipo de divers\u00e3o. O pensamento cuidadoso colocado em cada parte desta coisa ador\u00e1vel faz com que pare\u00e7a uma pessoa real \u2013 perfeita para quem quer ter um amigo pr\u00f3ximo sem nenhum problema.<\/p>\n<p>Para quem gosta de algo pequeno, mas tamb\u00e9m bom, nossa mini boneca sexual de 65 cm tem todas as mesmas caracter\u00edsticas interessantes de sua amiga maior. \u00c9 apenas menor em tamanho. Seu tamanho pequeno facilita o manuseio, ao mesmo tempo que proporciona um realismo incr\u00edvel com tra\u00e7os faciais cuidadosamente feitos e partes do corpo texturizadas que copiam perfeitamente os corpos humanos.<\/p>\n<p>&nbsp;<\/p>\n\t\t<div data-elementor-type=\"section\" data-elementor-id=\"15956\" class=\"elementor elementor-15956\" data-elementor-post-type=\"elementor_library\">\n\t\t\t<div class=\"wd-negative-gap elementor-element elementor-element-e744d45 e-flex e-con-boxed e-con e-parent\" data-id=\"e744d45\" data-element_type=\"container\">\n\t\t\t\t\t<div class=\"e-con-inner\">\n\t\t<div class=\"wd-negative-gap elementor-element elementor-element-2abc4734 e-flex e-con-boxed e-con e-child\" data-id=\"2abc4734\" data-element_type=\"container\">\n\t\t\t\t\t<div class=\"e-con-inner\">\n\t\t<div class=\"wd-negative-gap elementor-element elementor-element-e4e90d0 e-flex e-con-boxed e-con e-child\" data-id=\"e4e90d0\" data-element_type=\"container\">\n\t\t\t\t\t<div class=\"e-con-inner\">\n\t\t\t\t<div class=\"elementor-element elementor-element-2191b1a4 elementor-cta--skin-cover elementor-animated-content elementor-bg-transform elementor-bg-transform-zoom-in elementor-widget elementor-widget-call-to-action\" data-id=\"2191b1a4\" data-element_type=\"widget\" data-widget_type=\"call-to-action.default\">\n\t\t\t\t<div class=\"elementor-widget-container\">\n\t\t\t\t\t<a class=\"elementor-cta\" href=\"https:\/\/coredoll.com\/pt\/fotos-de-bonecas-sexuais\/\">\n\t\t\t\t\t<div class=\"elementor-cta__bg-wrapper\">\n\t\t\t\t<div class=\"elementor-cta__bg elementor-bg\" style=\"background-image: url(https:\/\/coredoll.com\/wp-content\/uploads\/2024\/04\/redirect.jpg);\" role=\"img\" aria-label=\"redirecionar\"><\/div>\n\t\t\t\t<div class=\"elementor-cta__bg-overlay\"><\/div>\n\t\t\t<\/div>\n\t\t\t\t\t\t\t<div class=\"elementor-cta__content\">\n\t\t\t\t\n\t\t\t\t\t\t\t\t\t<h2 class=\"elementor-cta__title elementor-cta__content-item elementor-content-item elementor-animated-item--grow\">\n\t\t\t\t\t\tMais de 2.500 minibonecas sexuais pequenas <\/br>sexdollxxx .com\t\t\t\t\t<\/h2>\n\t\t\t\t\n\t\t\t\t\t\t\t\t\t<div class=\"elementor-cta__description elementor-cta__content-item elementor-content-item elementor-animated-item--grow\">\n\t\t\t\t\t\t40cm, 60cm, 80cm, 100cm, 120cm, 140cm\t\t\t\t\t<\/div>\n\t\t\t\t\n\t\t\t\t\t\t\t\t\t<div class=\"elementor-cta__button-wrapper elementor-cta__content-item elementor-content-item elementor-animated-item--grow\">\n\t\t\t\t\t<span class=\"elementor-cta__button elementor-button elementor-size-md\">\n\t\t\t\t\t\tCompre agora\t\t\t\t\t<\/span>\n\t\t\t\t\t<\/div>\n\t\t\t\t\t\t\t<\/div>\n\t\t\t\t\t\t<\/a>\n\t\t\t\t<\/div>\n\t\t\t\t<\/div>\n\t\t\t\t\t<\/div>\n\t\t\t\t<\/div>\n\t\t\t\t\t<\/div>\n\t\t\t\t<\/div>\n\t\t\t\t\t<\/div>\n\t\t\t\t<\/div>\n\t\t\t\t<\/div>","protected":false},"excerpt":{"rendered":"<div data-elementor-type=\"section\" data-elementor-id=\"15952\" class=\"elementor elementor-15952\" data-elementor-post-type=\"elementor_library\">\n<div class=\"wd-negative-gap elementor-element elementor-element-49f97e26 e-flex e-con-boxed e-con e-parent\" data-id=\"49f97e26\" data-element_type=\"container\">\n<div class=\"e-con-inner\">\n<div class=\"wd-negative-gap elementor-element elementor-element-449b9556 e-flex e-con-boxed e-con e-child\" data-id=\"449b9556\" data-element_type=\"container\">\n<div class=\"e-con-inner\">\n<div class=\"elementor-element elementor-element-613a7c10 elementor-cta--skin-cover elementor-animated-content elementor-bg-transform elementor-bg-transform-zoom-in elementor-widget elementor-widget-call-to-action\" data-id=\"613a7c10\" data-element_type=\"widget\" data-widget_type=\"call-to-action.default\">\n<div class=\"elementor-widget-container\">\n\t\t\t<link rel=\"stylesheet\" href=\"https:\/\/coredoll.com\/wp-content\/uploads\/elementor\/css\/custom-pro-widget-call-to-action.min.css?ver=1716455771\">\t\t<a class=\"elementor-cta\" href=\"https:\/\/coredoll.com\/pt\/fotos-de-bonecas-sexuais\/\"><\/p>\n<div class=\"elementor-cta__bg-wrapper\">\n<div class=\"elementor-cta__bg elementor-bg\" style=\"background-image: url(https:\/\/coredoll.com\/wp-content\/uploads\/2024\/04\/redirect-1.jpg);\" role=\"img\" aria-label=\"redirecionamento.jpg\"><\/div>\n<div class=\"elementor-cta__bg-overlay\"><\/div>\n<\/p><\/div>\n<div class=\"elementor-cta__content\">\n<h2 class=\"elementor-cta__title elementor-cta__content-item elementor-content-item elementor-animated-item--grow\">\n\t\t\t\t\t\tMais de 2.500 minibonecas sexuais pequenas <\/br>sexdollxxx .com\t\t\t\t\t<\/h2>\n<div class=\"elementor-cta__description elementor-cta__content-item elementor-content-item elementor-animated-item--grow\">\n\t\t\t\t\t\t40cm, 60cm, 80cm, 100cm, 120cm, 140cm\t\t\t\t\t<\/div>\n<div class=\"elementor-cta__button-wrapper elementor-cta__content-item elementor-content-item elementor-animated-item--grow\">\n\t\t\t\t\t<span class=\"elementor-cta__button elementor-button elementor-size-md\"><br \/>\n\t\t\t\t\t\tCompre agora\t\t\t\t\t<\/span>\n\t\t\t\t\t<\/div>\n<\/p><\/div>\n<p>\t\t\t\t\t\t<\/a>\n\t\t\t\t<\/div>\n<\/p><\/div>\n<\/p><\/div>\n<\/p><\/div>\n<\/p><\/div>\n<\/p><\/div>\n<\/p><\/div>","protected":false},"featured_media":15950,"comment_status":"closed","ping_status":"closed","template":"","meta":[],"product_cat":[802,772,798],"product_tag":[],"aioseo_notices":[],"_links":{"self":[{"href":"https:\/\/coredoll.com\/pt\/wp-json\/wp\/v2\/product\/20489"}],"collection":[{"href":"https:\/\/coredoll.com\/pt\/wp-json\/wp\/v2\/product"}],"about":[{"href":"https:\/\/coredoll.com\/pt\/wp-json\/wp\/v2\/types\/product"}],"replies":[{"embeddable":true,"href":"https:\/\/coredoll.com\/pt\/wp-json\/wp\/v2\/comments?post=20489"}],"version-history":[{"count":1,"href":"https:\/\/coredoll.com\/pt\/wp-json\/wp\/v2\/product\/20489\/revisions"}],"predecessor-version":[{"id":20490,"href":"https:\/\/coredoll.com\/pt\/wp-json\/wp\/v2\/product\/20489\/revisions\/20490"}],"wp:featuredmedia":[{"embeddable":true,"href":"https:\/\/coredoll.com\/pt\/wp-json\/wp\/v2\/media\/15950"}],"wp:attachment":[{"href":"https:\/\/coredoll.com\/pt\/wp-json\/wp\/v2\/media?parent=20489"}],"wp:term":[{"taxonomy":"product_cat","embeddable":true,"href":"https:\/\/coredoll.com\/pt\/wp-json\/wp\/v2\/product_cat?post=20489"},{"taxonomy":"product_tag","embeddable":true,"href":"https:\/\/coredoll.com\/pt\/wp-json\/wp\/v2\/product_tag?post=20489"}],"curies":[{"name":"wp","href":"https:\/\/api.w.org\/{rel}","templated":true}]}}